{"id":3,"date":"2025-06-15T09:04:42","date_gmt":"2025-06-15T07:04:42","guid":{"rendered":"http:\/\/zwsh.pl\/?page_id=3"},"modified":"2025-06-15T11:31:42","modified_gmt":"2025-06-15T09:31:42","slug":"polityka-prywatnosci","status":"publish","type":"page","link":"https:\/\/zwsh.pl\/?page_id=3","title":{"rendered":"Polityka prywatno\u015bci"},"content":{"rendered":"\n<h2 class=\"wp-block-heading\" id=\"tag_CP0\">Ochrona Danych Osobowych<\/h2>\n\n\n\n<p>Szczeg\u00f3\u0142owe informacje dotycz\u0105ce przetwarzania danych osobowych u\u017cytkownik\u00f3w korzystaj\u0105cych ze strony http:\/zwsh.pl\/<\/p>\n\n\n\n<p>25 maja 2018 roku zacz\u0119\u0142o obowi\u0105zywa\u0107 Rozporz\u0105dzenie Parlamentu Europejskiego i Rady (UE) 2016\/679 z&nbsp;dnia 27 kwietnia 2016 r. w sprawie ochrony os\u00f3b fizycznych w zwi\u0105zku z przetwarzaniem danych osobowych i&nbsp;w&nbsp;sprawie swobodnego przep\u0142ywu takich danych oraz uchylenia dyrektywy 95\/46\/WE, dalej jako: og\u00f3lne rozporz\u0105dzenie o&nbsp;ochronie danych\/RODO\/rozporz\u0105dzenie 2016\/679.<\/p>\n\n\n\n<p>Rozporz\u0105dzenie 2016\/679 jest aktem prawnym, kt\u00f3re w spos\u00f3b kompleksowy reguluje wszelkie kwestie zwi\u0105zane z przetwarzaniem danych osobowych. Jednym z wielu obowi\u0105zk\u00f3w na\u0142o\u017conych na administratora danych jest przekazanie stosownych informacji osobom, kt\u00f3rych dane dotycz\u0105.<\/p>\n\n\n\n<p>Zgodnie z art. 13 ust. 1 i ust. 2 Rozporz\u0105dzenia informujemy, i\u017c:<\/p>\n\n\n\n<ol class=\"wp-block-list\">\n<li><strong>Administratorem<\/strong>\u00a0Pani\/Pana danych osobowych jest\u00a0<strong>ZWSH GROUP Sp. z o.o.<\/strong><br>z siedzib\u0105 przy ul. Igo\u0142omska 1, 31-983 Krak\u00f3w\u00ad KRS: 0001173826 | NIP: 6783227070 | REGON: 541765896. Z administratorem danych mo\u017cna kontaktowa\u0107 si\u0119 za po\u015brednictwem adresu email:\u00a0<strong>bok@zwsh.pl<\/strong>, lub pisemnie podany wcze\u015bniej adres.<\/li>\n\n\n\n<li><strong>Inspektorem Ochrony Danych<\/strong>\u00a0wyznaczonym przez Administratora jest Pawe\u0142 Hubiak. W sprawach ochrony danych osobowych nale\u017cy si\u0119 kontaktowa\u0107 pod adresem:\u00a0<strong>iodo@zwsh.pl<\/strong>.<\/li>\n\n\n\n<li><strong>Cele przetwarzania danych:<br><\/strong>a. \u015bwiadczenia us\u0142ug \/ wykonania umowy przez Administratora zgodnie z Regulaminem strony (art. 6 ust 1 lit. b og\u00f3lnego rozporz\u0105dzenia o ochronie danych),<br>b. przesy\u0142ania zam\u00f3wionych informacji handlowych na podstawie zgody \u2013 art. 6 ust. 1 lit. a) RODO,<br>c. zapewnienia kontaktu z Administratorem za po\u015brednictwem formularza kontaktowego \u2013 art. 6 ust. 1 lit. f) RODO<br>d. w celu wykonania obowi\u0105zk\u00f3w prawnych ci\u0105\u017c\u0105cych na Administratorze, wynikaj\u0105cych w szczeg\u00f3lno\u015bci z Ustawy o rachunkowo\u015bci, Ustawy o podatku dochodowym od os\u00f3b prawnych, Ustawy Ordynacja podatkowa, Ustawy o przeciwdzia\u0142aniu praniu pieni\u0119dzy oraz finansowaniu terroryzmu, Ustawy prawo przedsi\u0119biorc\u00f3w i in. (art. 6 ust 1 lit. c og\u00f3lnego rozporz\u0105dzenia o danych osobowych)<br>e. w celach dowodowych, na potrzeby wykazania fakt\u00f3w oraz w celu ustalenia, obrony i dochodzenia roszcze\u0144 przez Administratora, co jest naszym prawnie uzasadnionym interesem (art. 6 ust 1 lit f og\u00f3lnego rozporz\u0105dzenia o ochronie danych osobowych),<br>f. tworzenia analiz, zestawie\u0144 i statystyk na potrzeby Administratora, co jest naszym prawnie uzasadnionym interesem (art. 6. ust.1 lit f og\u00f3lnego rozporz\u0105dzenia o ochronie danych osobowych)<\/li>\n\n\n\n<li><strong>Procesorami danych osobowych zebranych przez Administratora mog\u0105 by\u0107<\/strong>\u00a0podmioty \u015bwiadcz\u0105ce Administratorowi danych us\u0142ugi doradcze, administracyjne, rachunkowe, marketingowe, prawne, informatyczne, ubezpieczeniowe, banki, po\u015brednicy finansowo-ubezpieczeniowi, operatorzy pocztowi, firmy kurierskie, izby rozliczeniowe i podmioty po\u015brednicz\u0105ce w rozliczeniach, audytorzy zewn\u0119trzni, organy nadzoru, firmy trzecie \u015bwiadcz\u0105ce na rzecz Administratora us\u0142ugi niezb\u0119dne do wykonania us\u0142ugi np.: rejestratorzy domen i certyfikat\u00f3w SSL.<\/li>\n\n\n\n<li><strong>Okres przetwarzania danych osobowych.\u00a0<\/strong>To przez jaki czas Administrator mo\u017ce przetwarza\u0107 dane osobowe, jest uzale\u017cniony od podstawy prawnej stanowi\u0105cej legaln\u0105 przes\u0142ank\u0119 przetwarzania danych osobowych. Administrator nie przetwarza danych osobowych ponad okres d\u0142u\u017cszy ni\u017c wynika to z ww. podstaw prawnych. Dodatkowo Administrator informuje, \u017ce:a. w przypadku, gdy Administrator przetwarza dane osobowe na podstawie uzasadnionego interesu Administratora, okres przetwarzania trwa do momentu ustania ww. interesu (np. okres przedawnienia roszcze\u0144 cywilnoprawnych) lub do momentu sprzeciwienia si\u0119 osoby, kt\u00f3rej dane dotycz\u0105, dalszemu takiemu przetwarzaniu \u2013 w sytuacjach, gdy sprzeciw taki zgodnie z przepisami prawa przys\u0142uguje;<br>b. w przypadku, gdy Administrator przetwarza dane osobowe na podstawie zgody, okres przetwarzania trwa do momentu wycofania tej zgody przez u\u017cytkownika;<br>c. w przypadku, gdy Administrator przetwarza dane osobowe, poniewa\u017c jest to konieczne z uwagi na obowi\u0105zuj\u0105ce przepisy prawa, okresy ich przetwarzania okre\u015blaj\u0105 te przepisy;<br>d. w przypadku braku konkretnych wymog\u00f3w prawnych lub umownych, podstawowy okres przechowywania danych to maksymalnie 10 lat.<\/li>\n\n\n\n<li><strong>Prawa u\u017cytkownika<\/strong>: Prawo dost\u0119pu do tre\u015bci swoich danych oraz prawo do ich sprostowania, w razie ich niezgodno\u015bci ze stanem rzeczywistym, usuni\u0119cia, ograniczenia przetwarzania, prawo do przenoszenia danych, prawo do bycia zapomnianym, prawo wniesienia sprzeciwu, prawo do cofni\u0119cia zgody w dowolnym momencie bez wp\u0142ywu na zgodno\u015b\u0107 z prawem przetwarzania (je\u017celi podstaw\u0105 przetwarzania jest zgoda), kt\u00f3rego dokonano na podstawie zgody przed jej cofni\u0119ciem. Prawo wniesienia skargi do organu nadzorczego, kt\u00f3rym jest Urz\u0105d Ochrony Danych Osobowych (adres: ul. Stawki 2, 00-193 Warszawa).<\/li>\n\n\n\n<li>Posiadanie Pani\/Pana danych osobowych jest niezb\u0119dne do wykonania umowy lub wykonania obowi\u0105zk\u00f3w Administratora wynikaj\u0105cych z przepis\u00f3w prawa.<\/li>\n<\/ol>\n\n\n\n<h2 class=\"wp-block-heading\" id=\"tag_CP1\">Pliki Cookies<\/h2>\n\n\n\n<p>Administrator mo\u017ce zbiera\u0107 dane osobowe automatycznie za po\u015brednictwem plik\u00f3w cookies znajduj\u0105cych si\u0119 na jego stronach internetowych.&nbsp;<\/p>\n\n\n\n<p>Dane te s\u0142u\u017c\u0105 m.in. korzystaniu z r\u00f3\u017cnych funkcji przewidzianych na danej stronie internetowej lub potwierdzeniu, \u017ce dany u\u017cytkownik widzia\u0142 okre\u015blone tre\u015bci z danej witryny internetowej.&nbsp;W\u015br\u00f3d danych cookies wyr\u00f3\u017cni\u0107 mo\u017cna te, kt\u00f3re s\u0105 niezb\u0119dne do dzia\u0142ania strony, te, kt\u00f3re wprawdzie nie s\u0105 niezb\u0119dne, ale u\u0142atwiaj\u0105 korzystanie ze strony oraz cookies zwi\u0105zanych z us\u0142ugami podmiot\u00f3w trzecich wykorzystywanych przez Administratora na stronie. Zawarto\u015bci pochodz\u0105ce od zewn\u0119trznych dostawc\u00f3w, mog\u0105 zawiera\u0107 pliki cookies innych podmiot\u00f3w, w zwi\u0105zku z czym zaleca si\u0119 aby u\u017cytkownik zapozna\u0142 si\u0119 z zasadami wykorzystywania tych plik\u00f3w cookies do obs\u0142ugi witryn internetowych przez tych dostawc\u00f3w zewn\u0119trznych.<\/p>\n\n\n\n<p>U\u017cytkownik mo\u017ce zablokowa\u0107 pliki cookies, zmieniaj\u0105c ustawienia swojej przegl\u0105darki internetowej, ale niekt\u00f3re funkcje oferowane przez strony Administratora mog\u0105 nie dzia\u0142a\u0107 wtedy prawid\u0142owo, a nawet w niekt\u00f3rych przypadkach wi\u0105\u017ce si\u0119 to z ca\u0142kowitym uniemo\u017cliwieniem korzystania z wybranego produktu.<\/p>\n\n\n\n<h2 class=\"wp-block-heading\" id=\"*\">Logi dost\u0119powe<\/h2>\n\n\n\n<p>Administrator zbiera na w\u0142asne potrzeby informacje dotycz\u0105ce korzystania ze strony przez jej u\u017cytkownik\u00f3w oraz ich adresy IP \u2013 logi dost\u0119powe.<\/p>\n\n\n\n<p>Informacje mog\u0105 by\u0107 wykorzystywane: w analiz\u0105 narusze\u0144 bezpiecze\u0144stwa, w zarz\u0105dzaniu stron\u0105, w diagnozowaniu problem\u00f3w zwi\u0105zanych z prac\u0105 serwera, w celach statystycznych, np. do gromadzenia i analizy danych demograficznych os\u00f3b odwiedzaj\u0105cych witryn\u0119.<\/p>\n\n\n\n<p>Administrator informuje jednocze\u015bnie, \u017ce mo\u017cemy zosta\u0107 zobowi\u0105zany do ujawnienia informacji dotycz\u0105cych numeru IP danego u\u017cytkownika strony na \u017c\u0105danie uprawnionych do tego (w oparciu obowi\u0105zuj\u0105ce przepisy prawne) organ\u00f3w pa\u0144stwa w zwi\u0105zku z prowadzonymi przez nie post\u0119powaniami.<\/p>\n\n\n\n<h2 class=\"wp-block-heading\" id=\"tag_CP2\">Profilowanie i automatyczne przetwarzanie danych osobowych<\/h2>\n\n\n\n<p>Gromadzone przez Administratora informacje zwi\u0105zane z korzystaniem przez u\u017cytkownika z jego stron internetowych mog\u0105 by\u0107 przetwarzane w spos\u00f3b zautomatyzowany (w tym w formie profilowania), jednak\u017ce nie b\u0119dzie to wywo\u0142ywa\u0107 wobec osoby fizycznej \u017cadnych skutk\u00f3w prawnych lub w podobny spos\u00f3b istotnie wp\u0142ywa\u0107 na jej sytuacj\u0119. Jednak\u017ce Administrator informuje, \u017ce:<\/p>\n\n\n\n<ul class=\"wp-block-list\">\n<li>na potrzeby profilowania nie przetwarza \u017cadnych szczeg\u00f3lnych kategorii danych osobowych (danych wra\u017cliwych),<\/li>\n\n\n\n<li>na potrzeby profilowania przetwarza z regu\u0142y dane, kt\u00f3re uprzednio podlega\u0142y pseudonimizacji,<\/li>\n\n\n\n<li>profiluje w celu analizy lub prognozy osobistych preferencji oraz zainteresowa\u0144 os\u00f3b korzystaj\u0105cych ze stron Administratora, produkt\u00f3w lub us\u0142ug i dopasowywania tre\u015bci znajduj\u0105cych si\u0119 na jego stronach lub produktach do tych preferencji,<\/li>\n\n\n\n<li>profiluje w celach marketingowych, tj. dopasowania oferty marketingowej do ww. preferencji.<\/li>\n<\/ul>\n\n\n\n<h2 class=\"wp-block-heading\" id=\"tag_CP3\">Zabezpieczenie danych<\/h2>\n\n\n\n<ol class=\"wp-block-list\">\n<li>Ka\u017cda us\u0142uga uruchamiana na serwerach Administratora jest zabezpieczana has\u0142em dost\u0119pu. W ten spos\u00f3b dost\u0119p do danych mo\u017cliwy jest wy\u0142\u0105cznie po prawid\u0142owej autoryzacji.<\/li>\n\n\n\n<li>System loguje pr\u00f3by nieautoryzowanego dost\u0119pu do zasob\u00f3w. Dzi\u0119ki temu mo\u017cna zweryfikowa\u0107, czy mia\u0142o miejsce naruszenie zasad bezpiecze\u0144stwa.<\/li>\n\n\n\n<li>Dane na serwerach Administratora podlegaj\u0105 cyklicznej archiwizacji (backup). Dost\u0119pne s\u0105 kopie zapasowe plik\u00f3w z ostatnich kilku dni (do 7). Umo\u017cliwia to odtworzenie utraconych przypadkowo plik\u00f3w. Tworzenie kopii jest us\u0142ug\u0105 wliczon\u0105 w cen\u0119. Odzysk danych jednak jest ju\u017c us\u0142ug\u0105 dodatkowo p\u0142atn\u0105. Nadmieniamy, \u017ce archiwizacja prowadzona jest w spos\u00f3b punktowy \u2013 o okre\u015blonych godzinach. Je\u017celi plik pojawi\u0142 si\u0119 na naszym serwerze pomi\u0119dzy dwoma sesjami backupu i zosta\u0142 z niego usuni\u0119ty \u2013 jego odzyskanie b\u0119dzie nie mo\u017cliwe.<\/li>\n\n\n\n<li>Dane na serwerach Administratora s\u0105 chronione programem antywirusowym oraz antyspamowym<\/li>\n\n\n\n<li>Administrator dok\u0142ada wszelkich stara\u0144 aby serwery by\u0142y chronione na mo\u017cliwie wysokim poziomie mi\u0119dzy innymi poprzez: regularnie dokonuje aktualizacji oprogramowania serwer\u00f3w, monitorowanie dzia\u0142a\u0144 na serwerach i ruchu do nich pod k\u0105tem podejrzanych zachowa\u0144.<\/li>\n<\/ol>\n\n\n\n<p><\/p>\n","protected":false},"excerpt":{"rendered":"<p>Ochrona Danych Osobowych Szczeg\u00f3\u0142owe informacje dotycz\u0105ce przetwarzania danych osobowych u\u017cytkownik\u00f3w korzystaj\u0105cych ze strony http:\/zwsh.pl\/ 25 maja 2018 roku zacz\u0119\u0142o obowi\u0105zywa\u0107 Rozporz\u0105dzenie Parlamentu Europejskiego i Rady (UE) 2016\/679 z&nbsp;dnia 27 kwietnia&hellip;<\/p>\n","protected":false},"author":1,"featured_media":0,"parent":0,"menu_order":0,"comment_status":"closed","ping_status":"open","template":"","meta":{"footnotes":""},"class_list":["post-3","page","type-page","status-publish","hentry"],"yoast_head":"<!-- This site is optimized with the Yoast SEO plugin v25.3 - https:\/\/yoast.com\/wordpress\/plugins\/seo\/ -->\n<title>Polityka prywatno\u015bci - ZWSH GROUP<\/title>\n<meta name=\"robots\" content=\"index, follow, max-snippet:-1, max-image-preview:large, max-video-preview:-1\" \/>\n<link rel=\"canonical\" href=\"https:\/\/zwsh.pl\/?page_id=3\" \/>\n<meta property=\"og:locale\" content=\"en_US\" \/>\n<meta property=\"og:type\" content=\"article\" \/>\n<meta property=\"og:title\" content=\"Polityka prywatno\u015bci - ZWSH GROUP\" \/>\n<meta property=\"og:description\" content=\"Ochrona Danych Osobowych Szczeg\u00f3\u0142owe informacje dotycz\u0105ce przetwarzania danych osobowych u\u017cytkownik\u00f3w korzystaj\u0105cych ze strony http:\/zwsh.pl\/ 25 maja 2018 roku zacz\u0119\u0142o obowi\u0105zywa\u0107 Rozporz\u0105dzenie Parlamentu Europejskiego i Rady (UE) 2016\/679 z&nbsp;dnia 27 kwietnia&hellip;\" \/>\n<meta property=\"og:url\" content=\"https:\/\/zwsh.pl\/?page_id=3\" \/>\n<meta property=\"og:site_name\" content=\"ZWSH GROUP\" \/>\n<meta property=\"article:modified_time\" content=\"2025-06-15T09:31:42+00:00\" \/>\n<meta name=\"twitter:card\" content=\"summary_large_image\" \/>\n<meta name=\"twitter:label1\" content=\"Est. reading time\" \/>\n\t<meta name=\"twitter:data1\" content=\"7 minutes\" \/>\n<script type=\"application\/ld+json\" class=\"yoast-schema-graph\">{\"@context\":\"https:\/\/schema.org\",\"@graph\":[{\"@type\":\"WebPage\",\"@id\":\"https:\/\/zwsh.pl\/?page_id=3\",\"url\":\"https:\/\/zwsh.pl\/?page_id=3\",\"name\":\"Polityka prywatno\u015bci - ZWSH GROUP\",\"isPartOf\":{\"@id\":\"https:\/\/zwsh.pl\/#website\"},\"datePublished\":\"2025-06-15T07:04:42+00:00\",\"dateModified\":\"2025-06-15T09:31:42+00:00\",\"breadcrumb\":{\"@id\":\"https:\/\/zwsh.pl\/?page_id=3#breadcrumb\"},\"inLanguage\":\"en-US\",\"potentialAction\":[{\"@type\":\"ReadAction\",\"target\":[\"https:\/\/zwsh.pl\/?page_id=3\"]}]},{\"@type\":\"BreadcrumbList\",\"@id\":\"https:\/\/zwsh.pl\/?page_id=3#breadcrumb\",\"itemListElement\":[{\"@type\":\"ListItem\",\"position\":1,\"name\":\"Home\",\"item\":\"https:\/\/zwsh.pl\/\"},{\"@type\":\"ListItem\",\"position\":2,\"name\":\"Polityka prywatno\u015bci\"}]},{\"@type\":\"WebSite\",\"@id\":\"https:\/\/zwsh.pl\/#website\",\"url\":\"https:\/\/zwsh.pl\/\",\"name\":\"ZWSH GROUP\",\"description\":\"\",\"publisher\":{\"@id\":\"https:\/\/zwsh.pl\/#organization\"},\"potentialAction\":[{\"@type\":\"SearchAction\",\"target\":{\"@type\":\"EntryPoint\",\"urlTemplate\":\"https:\/\/zwsh.pl\/?s={search_term_string}\"},\"query-input\":{\"@type\":\"PropertyValueSpecification\",\"valueRequired\":true,\"valueName\":\"search_term_string\"}}],\"inLanguage\":\"en-US\"},{\"@type\":\"Organization\",\"@id\":\"https:\/\/zwsh.pl\/#organization\",\"name\":\"ZWSH GROUP\",\"url\":\"https:\/\/zwsh.pl\/\",\"logo\":{\"@type\":\"ImageObject\",\"inLanguage\":\"en-US\",\"@id\":\"https:\/\/zwsh.pl\/#\/schema\/logo\/image\/\",\"url\":\"https:\/\/zwsh.pl\/wp-content\/uploads\/2025\/06\/cropped-cropped-fulllogo_transparent-1-e1749974438507-1.png\",\"contentUrl\":\"https:\/\/zwsh.pl\/wp-content\/uploads\/2025\/06\/cropped-cropped-fulllogo_transparent-1-e1749974438507-1.png\",\"width\":150,\"height\":150,\"caption\":\"ZWSH GROUP\"},\"image\":{\"@id\":\"https:\/\/zwsh.pl\/#\/schema\/logo\/image\/\"}}]}<\/script>\n<!-- \/ Yoast SEO plugin. -->","yoast_head_json":{"title":"Polityka prywatno\u015bci - ZWSH GROUP","robots":{"index":"index","follow":"follow","max-snippet":"max-snippet:-1","max-image-preview":"max-image-preview:large","max-video-preview":"max-video-preview:-1"},"canonical":"https:\/\/zwsh.pl\/?page_id=3","og_locale":"en_US","og_type":"article","og_title":"Polityka prywatno\u015bci - ZWSH GROUP","og_description":"Ochrona Danych Osobowych Szczeg\u00f3\u0142owe informacje dotycz\u0105ce przetwarzania danych osobowych u\u017cytkownik\u00f3w korzystaj\u0105cych ze strony http:\/zwsh.pl\/ 25 maja 2018 roku zacz\u0119\u0142o obowi\u0105zywa\u0107 Rozporz\u0105dzenie Parlamentu Europejskiego i Rady (UE) 2016\/679 z&nbsp;dnia 27 kwietnia&hellip;","og_url":"https:\/\/zwsh.pl\/?page_id=3","og_site_name":"ZWSH GROUP","article_modified_time":"2025-06-15T09:31:42+00:00","twitter_card":"summary_large_image","twitter_misc":{"Est. reading time":"7 minutes"},"schema":{"@context":"https:\/\/schema.org","@graph":[{"@type":"WebPage","@id":"https:\/\/zwsh.pl\/?page_id=3","url":"https:\/\/zwsh.pl\/?page_id=3","name":"Polityka prywatno\u015bci - ZWSH GROUP","isPartOf":{"@id":"https:\/\/zwsh.pl\/#website"},"datePublished":"2025-06-15T07:04:42+00:00","dateModified":"2025-06-15T09:31:42+00:00","breadcrumb":{"@id":"https:\/\/zwsh.pl\/?page_id=3#breadcrumb"},"inLanguage":"en-US","potentialAction":[{"@type":"ReadAction","target":["https:\/\/zwsh.pl\/?page_id=3"]}]},{"@type":"BreadcrumbList","@id":"https:\/\/zwsh.pl\/?page_id=3#breadcrumb","itemListElement":[{"@type":"ListItem","position":1,"name":"Home","item":"https:\/\/zwsh.pl\/"},{"@type":"ListItem","position":2,"name":"Polityka prywatno\u015bci"}]},{"@type":"WebSite","@id":"https:\/\/zwsh.pl\/#website","url":"https:\/\/zwsh.pl\/","name":"ZWSH GROUP","description":"","publisher":{"@id":"https:\/\/zwsh.pl\/#organization"},"potentialAction":[{"@type":"SearchAction","target":{"@type":"EntryPoint","urlTemplate":"https:\/\/zwsh.pl\/?s={search_term_string}"},"query-input":{"@type":"PropertyValueSpecification","valueRequired":true,"valueName":"search_term_string"}}],"inLanguage":"en-US"},{"@type":"Organization","@id":"https:\/\/zwsh.pl\/#organization","name":"ZWSH GROUP","url":"https:\/\/zwsh.pl\/","logo":{"@type":"ImageObject","inLanguage":"en-US","@id":"https:\/\/zwsh.pl\/#\/schema\/logo\/image\/","url":"https:\/\/zwsh.pl\/wp-content\/uploads\/2025\/06\/cropped-cropped-fulllogo_transparent-1-e1749974438507-1.png","contentUrl":"https:\/\/zwsh.pl\/wp-content\/uploads\/2025\/06\/cropped-cropped-fulllogo_transparent-1-e1749974438507-1.png","width":150,"height":150,"caption":"ZWSH GROUP"},"image":{"@id":"https:\/\/zwsh.pl\/#\/schema\/logo\/image\/"}}]}},"_links":{"self":[{"href":"https:\/\/zwsh.pl\/index.php?rest_route=\/wp\/v2\/pages\/3","targetHints":{"allow":["GET"]}}],"collection":[{"href":"https:\/\/zwsh.pl\/index.php?rest_route=\/wp\/v2\/pages"}],"about":[{"href":"https:\/\/zwsh.pl\/index.php?rest_route=\/wp\/v2\/types\/page"}],"author":[{"embeddable":true,"href":"https:\/\/zwsh.pl\/index.php?rest_route=\/wp\/v2\/users\/1"}],"replies":[{"embeddable":true,"href":"https:\/\/zwsh.pl\/index.php?rest_route=%2Fwp%2Fv2%2Fcomments&post=3"}],"version-history":[{"count":1,"href":"https:\/\/zwsh.pl\/index.php?rest_route=\/wp\/v2\/pages\/3\/revisions"}],"predecessor-version":[{"id":40,"href":"https:\/\/zwsh.pl\/index.php?rest_route=\/wp\/v2\/pages\/3\/revisions\/40"}],"wp:attachment":[{"href":"https:\/\/zwsh.pl\/index.php?rest_route=%2Fwp%2Fv2%2Fmedia&parent=3"}],"curies":[{"name":"wp","href":"https:\/\/api.w.org\/{rel}","templated":true}]}}